{"id":18,"date":"2024-11-14T11:43:49","date_gmt":"2024-11-14T11:43:49","guid":{"rendered":"https:\/\/construal.pt\/?page_id=18"},"modified":"2025-03-28T12:31:37","modified_gmt":"2025-03-28T12:31:37","slug":"produtos","status":"publish","type":"page","link":"https:\/\/construal.pt\/en\/produtos\/","title":{"rendered":"Products"},"content":{"rendered":"<p>[et_pb_section fb_built=&#8221;1&#8243; next_background_color=&#8221;#ffffff&#8221; _builder_version=&#8221;4.27.4&#8243; _module_preset=&#8221;default&#8221; background_enable_color=&#8221;off&#8221; background_image=&#8221;https:\/\/construal.pt\/wp-content\/uploads\/2024\/12\/Cover_Produtos.jpg&#8221; background_position=&#8221;bottom_center&#8221; z_index=&#8221;500&#8243; min_height=&#8221;502px&#8221; custom_padding=&#8221;212px||222px||false|false&#8221; bottom_divider_style=&#8221;asymmetric2&#8243; bottom_divider_height=&#8221;221px&#8221; hover_enabled=&#8221;0&#8243; locked=&#8221;off&#8221; collapsed=&#8221;on&#8221; global_colors_info=&#8221;{}&#8221; sticky_enabled=&#8221;0&#8243;][et_pb_row custom_padding_last_edited=&#8221;on|tablet&#8221; _builder_version=&#8221;4.27.4&#8243; _module_preset=&#8221;default&#8221; min_height=&#8221;223px&#8221; custom_margin=&#8221;-163px|auto|||false|false&#8221; custom_padding=&#8221;|26.4%|||false|false&#8221; custom_padding_tablet=&#8221;|17%|||false|false&#8221; custom_padding_phone=&#8221;|0%|||false|false&#8221; locked=&#8221;off&#8221; global_colors_info=&#8221;{}&#8221;][et_pb_column type=&#8221;4_4&#8243; _builder_version=&#8221;4.27.3&#8243; _module_preset=&#8221;default&#8221; global_colors_info=&#8221;{}&#8221;][et_pb_text _builder_version=&#8221;4.27.4&#8243; _module_preset=&#8221;default&#8221; text_font=&#8221;Montserrat|600|||||||&#8221; text_text_color=&#8221;gcid-7978096c-a9d6-4ab4-90a1-90ee210304d2&#8243; text_font_size=&#8221;30px&#8221; text_line_height=&#8221;1.2em&#8221; header_font_size=&#8221;48px&#8221; custom_margin=&#8221;||13px||false|false&#8221; custom_margin_last_edited=&#8221;off|phone&#8221; custom_padding=&#8221;|0px|||false|false&#8221; custom_padding_tablet=&#8221;|0px|||false|false&#8221; custom_padding_phone=&#8221;|0px|||false|false&#8221; custom_padding_last_edited=&#8221;on|desktop&#8221; text_font_size_tablet=&#8221;35px&#8221; text_font_size_phone=&#8221;29px&#8221; text_font_size_last_edited=&#8221;on|tablet&#8221; global_colors_info=&#8221;{%22gcid-7978096c-a9d6-4ab4-90a1-90ee210304d2%22:%91%22text_text_color%22%93,%22gcid-6051dbb2-2458-4185-a69f-475f9d415d57%22:%91%22text_text_color%22,%22text_text_color%22,%22text_text_color%22,%22text_text_color%22%93,%22gcid-heading-color%22:%91%22text_text_color%22%93,%22gcid-body-color%22:%91%22text_text_color%22%93}&#8221;]<\/p>\n<p>Precis\u00e3o em cada detalhe<\/p>\n<p>[\/et_pb_text][et_pb_text _builder_version=&#8221;4.27.4&#8243; _module_preset=&#8221;default&#8221; text_font=&#8221;Montserrat||||||||&#8221; text_text_color=&#8221;gcid-body-color&#8221; text_font_size=&#8221;15px&#8221; text_line_height=&#8221;1.4em&#8221; header_font_size=&#8221;48px&#8221; width=&#8221;100%&#8221; max_width=&#8221;100%&#8221; max_width_tablet=&#8221;100%&#8221; max_width_phone=&#8221;100%&#8221; max_width_last_edited=&#8221;on|phone&#8221; custom_margin=&#8221;||||false|false&#8221; custom_margin_tablet=&#8221;||||false|false&#8221; custom_margin_phone=&#8221;||||false|false&#8221; custom_margin_last_edited=&#8221;on|desktop&#8221; text_font_size_tablet=&#8221;15px&#8221; text_font_size_phone=&#8221;14px&#8221; text_font_size_last_edited=&#8221;on|desktop&#8221; global_colors_info=&#8221;{%22gcid-body-color%22:%91%22text_text_color%22,%22text_text_color%22,%22text_text_color%22%93,%22gcid-heading-color%22:%91%22text_text_color%22%93}&#8221; max_width__hover_enabled=&#8221;off|desktop&#8221;]<\/p>\n<p class=\"p1\">A Construal oferece uma vasta gama de m\u00e1quinas inovadoras, adaptadas \u00e0s necessidades espec\u00edficas do setor transformador de pedras ornamentais. <span>Conhe\u00e7a as solu\u00e7\u00f5es de alta qualidade<\/span><span>, que aliam tecnologia avan\u00e7ada<\/span><span>, efici\u00eancia e durabilidade<\/span>.<\/p>\n<p>[\/et_pb_text][\/et_pb_column][\/et_pb_row][\/et_pb_section][et_pb_section fb_built=&#8221;1&#8243; disabled_on=&#8221;off|off|off&#8221; _builder_version=&#8221;4.27.4&#8243; _module_preset=&#8221;default&#8221; global_colors_info=&#8221;{}&#8221;][et_pb_row column_structure=&#8221;1_3,2_3&#8243; _builder_version=&#8221;4.27.4&#8243; _module_preset=&#8221;default&#8221; global_colors_info=&#8221;{}&#8221;][et_pb_column type=&#8221;1_3&#8243; _builder_version=&#8221;4.27.4&#8243; _module_preset=&#8221;default&#8221; background_color=&#8221;gcid-cba44d9d-9e46-4613-b61d-877cc473e847&#8243; sticky_position=&#8221;top&#8221; sticky_limit_bottom=&#8221;section&#8221; global_colors_info=&#8221;{%22gcid-cba44d9d-9e46-4613-b61d-877cc473e847%22:%91%22background_color%22%93}&#8221;][et_pb_code _builder_version=&#8221;4.27.4&#8243; _module_preset=&#8221;default&#8221; text_orientation=&#8221;left&#8221; custom_margin=&#8221;||6px|||&#8221; custom_padding=&#8221;|0px|17px|0px|false|false&#8221; sticky_position=&#8221;top&#8221; sticky_limit_top=&#8221;section&#8221; sticky_limit_bottom=&#8221;section&#8221; sticky_offset_surrounding=&#8221;off&#8221; sticky_transition=&#8221;off&#8221; sticky_position_tablet=&#8221;none&#8221; sticky_position_phone=&#8221;none&#8221; sticky_position_last_edited=&#8221;on|desktop&#8221; global_colors_info=&#8221;{}&#8221;]        <form\n\t\t\tdata-post-id=\"18\"\n\t\t\tdata-slug=\"filtro_produtos\"\n\t\t\taction=\"https:\/\/construal.pt\/en\/produtos\/\"\n\t\t\tdata-shop=\"https:\/\/construal.pt\/en\/produtos\/\"\n\t\t\tmethod=\"get\"\n\t\t\tclass=\"wpf_form wpf_form_filtro_produtos wpf_submit_on_change\"\n\t\t\tstyle=\"visibility: hidden;\"\n\t\t\tdata-infinitybuffer=\"300\"\n\t\t>\n            <input type=\"hidden\" name=\"wpf\" value=\"filtro_produtos\" \/>\n\t\t\t<input type=\"hidden\" name=\"orderby\" value=\"\" \/>\n\t\t\t<input type=\"hidden\" name=\"wpf_cols\" value=\"\" \/>\n\t\t\t<input type=\"hidden\" name=\"wpf_page\" value=\"1\" \/>\n\t\t\t                        <div class=\"wpf_items_wrapper wpf_layout_vertical\">\n                                                                                                                <div class=\"wpf_item wpf_item_wpf_cat\">\n                                                                    <div class=\"wpf_item_name\">Tipos de m\u00e1quinas<\/div>\n                                                                                                <ul class=\"wpf_column_vertical\">\n                                                                                        \n                    \n                            <li class=\"wpf_product_cat_40\">\n                                                                    <input  id=\"wpf_filtro_produtos_40\" type=\"checkbox\" name=\"wpf_tipos-de-maquinas[]\" value=\"5eixos\" \/>\n                        <label                                 for=\"wpf_filtro_produtos_40\">\n                            M\u00e1quinas com 5 Eixos                                                    <\/label>\n                    \n                                                        <\/li>\n                                \n                            <li class=\"wpf_product_cat_39\">\n                                                                    <input  id=\"wpf_filtro_produtos_39\" type=\"checkbox\" name=\"wpf_tipos-de-maquinas[]\" value=\"torno-opcional\" \/>\n                        <label                                 for=\"wpf_filtro_produtos_39\">\n                            M\u00e1quinas com Torno (Opcional)                                                    <\/label>\n                    \n                                                        <\/li>\n                                \n                            <li class=\"wpf_product_cat_27\">\n                                                                    <input  id=\"wpf_filtro_produtos_27\" type=\"checkbox\" name=\"wpf_tipos-de-maquinas[]\" value=\"maquinas-de-corte\" \/>\n                        <label                                 for=\"wpf_filtro_produtos_27\">\n                            M\u00e1quinas de Corte                                                    <\/label>\n                    \n                                                        <\/li>\n                                \n                            <li class=\"wpf_product_cat_28\">\n                                                                    <input  id=\"wpf_filtro_produtos_28\" type=\"checkbox\" name=\"wpf_tipos-de-maquinas[]\" value=\"maquinas-de-fresagem\" \/>\n                        <label                                 for=\"wpf_filtro_produtos_28\">\n                            M\u00e1quinas de Fresagem                                                    <\/label>\n                    \n                                                        <\/li>\n                                \n                            <li class=\"wpf_product_cat_29\">\n                                                                    <input  id=\"wpf_filtro_produtos_29\" type=\"checkbox\" name=\"wpf_tipos-de-maquinas[]\" value=\"maquinas-de-polimento\" \/>\n                        <label                                 for=\"wpf_filtro_produtos_29\">\n                            M\u00e1quinas de Polimento                                                    <\/label>\n                    \n                                                        <\/li>\n                                                                                                            <\/ul>\t\t\t\t\t\t\t\t\t                                                            <\/div>\n                                                                                                                                                                                <\/div>\n                            <div class=\"wpf_reset_btn\"><input type=\"reset\" value=\"Limpar filtros\"\/><\/div>\n            \n\t\t\t<div class=\"wpf-no-products-found\" style=\"display: none;\">\n\t\t\t\t<p class=\"woocommerce-info\">N\u00e3o foram encontrados produtos que correspondam aos filtros ativos.<\/p>\n\t\t\t<\/div>\n        <\/form>\n        [\/et_pb_code][\/et_pb_column][et_pb_column type=&#8221;2_3&#8243; _builder_version=&#8221;4.27.4&#8243; _module_preset=&#8221;default&#8221; global_colors_info=&#8221;{}&#8221;][et_pb_shop type=&#8221;latest&#8221; posts_number=&#8221;18&#8243; columns_number=&#8221;2&#8243; icon_hover_color=&#8221;gcid-4f0938c2-e174-445b-8492-8d475eae0352&#8243; hover_overlay_color=&#8221;rgba(255,255,255,0.79)&#8221; hover_icon=&#8221;&#xf06e;||fa||400&#8243; show_price=&#8221;off&#8221; show_rating=&#8221;off&#8221; show_sale_badge=&#8221;off&#8221; _builder_version=&#8221;4.27.4&#8243; _module_preset=&#8221;default&#8221; title_font=&#8221;&#8211;et_global_heading_font|700|||||||&#8221; title_text_color=&#8221;gcid-4f0938c2-e174-445b-8492-8d475eae0352&#8243; title_font_size=&#8221;18px&#8221; text_orientation=&#8221;center&#8221; width=&#8221;100%&#8221; global_colors_info=&#8221;{%22gcid-4f0938c2-e174-445b-8492-8d475eae0352%22:%91%22title_text_color%22,%22icon_hover_color%22%93}&#8221;][\/et_pb_shop][\/et_pb_column][\/et_pb_row][\/et_pb_section][et_pb_section fb_built=&#8221;1&#8243; prev_background_color=&#8221;#ffffff&#8221; _builder_version=&#8221;4.27.4&#8243; _module_preset=&#8221;default&#8221; background_enable_color=&#8221;off&#8221; background_image=&#8221;https:\/\/construal.pt\/wp-content\/uploads\/2025\/03\/Capas-CALL-RO-ACTIONpsd.webp&#8221; min_height=&#8221;502px&#8221; custom_padding=&#8221;265px||54px|||&#8221; top_divider_style=&#8221;asymmetric2&#8243; top_divider_height=&#8221;158px&#8221; hover_enabled=&#8221;0&#8243; locked=&#8221;off&#8221; global_colors_info=&#8221;{}&#8221; title_text=&#8221;Capas CALL RO ACTIONpsd&#8221; sticky_enabled=&#8221;0&#8243;][\/et_pb_section]<\/p>\n","protected":false},"excerpt":{"rendered":"<p>Precis\u00e3o em cada detalheA Construal oferece uma vasta gama de m\u00e1quinas inovadoras, adaptadas \u00e0s necessidades espec\u00edficas do setor transformador de pedras ornamentais. Conhe\u00e7a as solu\u00e7\u00f5es de alta qualidade, que aliam tecnologia avan\u00e7ada, efici\u00eancia e durabilidade.        <form\n\t\t\tdata-post-id=\"18\"\n\t\t\tdata-slug=\"filtro_produtos\"\n\t\t\taction=\"https:\/\/construal.pt\/en\/produtos\/\"\n\t\t\tdata-shop=\"https:\/\/construal.pt\/en\/produtos\/\"\n\t\t\tmethod=\"get\"\n\t\t\tclass=\"wpf_form wpf_form_filtro_produtos wpf_submit_on_change\"\n\t\t\tstyle=\"visibility: hidden;\"\n\t\t\tdata-infinitybuffer=\"300\" data-trp-original-action=\"https:\/\/construal.pt\/en\/produtos\/\"\n\t\t>\n            <input type=\"hidden\" name=\"wpf\" value=\"filtro_produtos\" \/>\n\t\t\t<input type=\"hidden\" name=\"orderby\" value=\"\" \/>\n\t\t\t<input type=\"hidden\" name=\"wpf_cols\" value=\"\" \/>\n\t\t\t<input type=\"hidden\" name=\"wpf_page\" value=\"1\" \/>\n\t\t\t                        <div class=\"wpf_items_wrapper wpf_layout_vertical\">\n                                                                                                                <div class=\"wpf_item wpf_item_wpf_cat\">\n                                                                    <div class=\"wpf_item_name\">Types of Machines<\/div>\n                                                                                                <ul class=\"wpf_column_vertical\">\n                                                                                        \n                    \n                            <li class=\"wpf_product_cat_40\">\n                                                                    <input  id=\"wpf_filtro_produtos_40\" type=\"checkbox\" name=\"wpf_tipos-de-maquinas[]\" value=\"5eixos\" \/>\n                        <label                                 for=\"wpf_filtro_produtos_40\">\n                            5-Axis Machines                                                    <\/label>\n                    \n                                                        <\/li>\n                                \n                            <li class=\"wpf_product_cat_39\">\n                                                                    <input  id=\"wpf_filtro_produtos_39\" type=\"checkbox\" name=\"wpf_tipos-de-maquinas[]\" value=\"torno-opcional\" \/>\n                        <label                                 for=\"wpf_filtro_produtos_39\">\n                            Machines with Lathe (Optional)                                                    <\/label>\n                    \n                                                        <\/li>\n                                \n                            <li class=\"wpf_product_cat_27\">\n                                                                    <input  id=\"wpf_filtro_produtos_27\" type=\"checkbox\" name=\"wpf_tipos-de-maquinas[]\" value=\"maquinas-de-corte\" \/>\n                        <label                                 for=\"wpf_filtro_produtos_27\">\n                            Cutting Machines                                                    <\/label>\n                    \n                                                        <\/li>\n                                \n                            <li class=\"wpf_product_cat_28\">\n                                                                    <input  id=\"wpf_filtro_produtos_28\" type=\"checkbox\" name=\"wpf_tipos-de-maquinas[]\" value=\"maquinas-de-fresagem\" \/>\n                        <label                                 for=\"wpf_filtro_produtos_28\">\n                            Milling Machines                                                    <\/label>\n                    \n                                                        <\/li>\n                                \n                            <li class=\"wpf_product_cat_29\">\n                                                                    <input  id=\"wpf_filtro_produtos_29\" type=\"checkbox\" name=\"wpf_tipos-de-maquinas[]\" value=\"maquinas-de-polimento\" \/>\n                        <label                                 for=\"wpf_filtro_produtos_29\">\n                            Polishing Machines                                                    <\/label>\n                    \n                                                        <\/li>\n                                                                                                            <\/ul>\t\t\t\t\t\t\t\t\t                                                            <\/div>\n                                                                                                                                                                                <\/div>\n                            <div class=\"wpf_reset_btn\"><input type=\"reset\" value=\"Clear filters\"\/><\/div>\n            \n\t\t\t<div class=\"wpf-no-products-found\" style=\"display: none;\">\n\t\t\t\t<p class=\"woocommerce-info\">N\u00e3o foram encontrados produtos que correspondam aos filtros ativos.<\/p>\n\t\t\t<\/div>\n        <input type=\"hidden\" name=\"trp-form-language\" value=\"en\"\/><\/form>\n        <\/p>","protected":false},"author":1,"featured_media":0,"parent":0,"menu_order":0,"comment_status":"closed","ping_status":"closed","template":"","meta":{"_acf_changed":false,"_et_pb_use_builder":"on","_et_pb_old_content":"","_et_gb_content_width":"","footnotes":""},"class_list":["post-18","page","type-page","status-publish","hentry"],"acf":[],"yoast_head":"<!-- This site is optimized with the Yoast SEO plugin v27.1.1 - https:\/\/yoast.com\/product\/yoast-seo-wordpress\/ -->\n<title>Produtos - Construal<\/title>\n<meta name=\"robots\" content=\"index, follow, max-snippet:-1, max-image-preview:large, max-video-preview:-1\" \/>\n<link rel=\"canonical\" href=\"https:\/\/construal.pt\/en\/produtos\/\" \/>\n<meta property=\"og:locale\" content=\"en_GB\" \/>\n<meta property=\"og:type\" content=\"article\" \/>\n<meta property=\"og:title\" content=\"Produtos - Construal\" \/>\n<meta property=\"og:description\" content=\"Precis\u00e3o em cada detalheA Construal oferece uma vasta gama de m\u00e1quinas inovadoras, adaptadas \u00e0s necessidades espec\u00edficas do setor transformador de pedras ornamentais. Conhe\u00e7a as solu\u00e7\u00f5es de alta qualidade, que aliam tecnologia avan\u00e7ada, efici\u00eancia e durabilidade.\" \/>\n<meta property=\"og:url\" content=\"https:\/\/construal.pt\/en\/produtos\/\" \/>\n<meta property=\"og:site_name\" content=\"Construal\" \/>\n<meta property=\"article:publisher\" content=\"https:\/\/www.facebook.com\/Construallda\" \/>\n<meta property=\"article:modified_time\" content=\"2025-03-28T12:31:37+00:00\" \/>\n<meta name=\"twitter:card\" content=\"summary_large_image\" \/>\n<meta name=\"twitter:label1\" content=\"Estimated reading time\" \/>\n\t<meta name=\"twitter:data1\" content=\"4 minutes\" \/>\n<script type=\"application\/ld+json\" class=\"yoast-schema-graph\">{\"@context\":\"https:\/\/schema.org\",\"@graph\":[{\"@type\":\"WebPage\",\"@id\":\"https:\/\/construal.pt\/produtos\/\",\"url\":\"https:\/\/construal.pt\/produtos\/\",\"name\":\"Produtos - Construal\",\"isPartOf\":{\"@id\":\"https:\/\/construal.pt\/#website\"},\"datePublished\":\"2024-11-14T11:43:49+00:00\",\"dateModified\":\"2025-03-28T12:31:37+00:00\",\"breadcrumb\":{\"@id\":\"https:\/\/construal.pt\/produtos\/#breadcrumb\"},\"inLanguage\":\"en-GB\",\"potentialAction\":[{\"@type\":\"ReadAction\",\"target\":[\"https:\/\/construal.pt\/produtos\/\"]}]},{\"@type\":\"BreadcrumbList\",\"@id\":\"https:\/\/construal.pt\/produtos\/#breadcrumb\",\"itemListElement\":[{\"@type\":\"ListItem\",\"position\":1,\"name\":\"In\u00edcio\",\"item\":\"https:\/\/construal.pt\/\"},{\"@type\":\"ListItem\",\"position\":2,\"name\":\"Produtos\"}]},{\"@type\":\"WebSite\",\"@id\":\"https:\/\/construal.pt\/#website\",\"url\":\"https:\/\/construal.pt\/\",\"name\":\"Construal\",\"description\":\"A empresa produz m\u00e1quinas para a ind\u00fastria de rochas ornamentais, destacando-se pela implementa\u00e7\u00e3o de tecnologias inovadoras e solu\u00e7\u00f5es produtivas personalizadas para cada cliente.\",\"publisher\":{\"@id\":\"https:\/\/construal.pt\/#organization\"},\"potentialAction\":[{\"@type\":\"SearchAction\",\"target\":{\"@type\":\"EntryPoint\",\"urlTemplate\":\"https:\/\/construal.pt\/?s={search_term_string}\"},\"query-input\":{\"@type\":\"PropertyValueSpecification\",\"valueRequired\":true,\"valueName\":\"search_term_string\"}}],\"inLanguage\":\"en-GB\"},{\"@type\":\"Organization\",\"@id\":\"https:\/\/construal.pt\/#organization\",\"name\":\"Construal\",\"url\":\"https:\/\/construal.pt\/\",\"logo\":{\"@type\":\"ImageObject\",\"inLanguage\":\"en-GB\",\"@id\":\"https:\/\/construal.pt\/#\/schema\/logo\/image\/\",\"url\":\"https:\/\/construal.pt\/wp-content\/uploads\/2024\/12\/construal_logotiposWEB.svg\",\"contentUrl\":\"https:\/\/construal.pt\/wp-content\/uploads\/2024\/12\/construal_logotiposWEB.svg\",\"width\":1,\"height\":1,\"caption\":\"Construal\"},\"image\":{\"@id\":\"https:\/\/construal.pt\/#\/schema\/logo\/image\/\"},\"sameAs\":[\"https:\/\/www.facebook.com\/Construallda\"]}]}<\/script>\n<!-- \/ Yoast SEO plugin. -->","yoast_head_json":{"title":"Produtos - Construal","robots":{"index":"index","follow":"follow","max-snippet":"max-snippet:-1","max-image-preview":"max-image-preview:large","max-video-preview":"max-video-preview:-1"},"canonical":"https:\/\/construal.pt\/en\/produtos\/","og_locale":"en_GB","og_type":"article","og_title":"Produtos - Construal","og_description":"Precis\u00e3o em cada detalheA Construal oferece uma vasta gama de m\u00e1quinas inovadoras, adaptadas \u00e0s necessidades espec\u00edficas do setor transformador de pedras ornamentais. Conhe\u00e7a as solu\u00e7\u00f5es de alta qualidade, que aliam tecnologia avan\u00e7ada, efici\u00eancia e durabilidade.","og_url":"https:\/\/construal.pt\/en\/produtos\/","og_site_name":"Construal","article_publisher":"https:\/\/www.facebook.com\/Construallda","article_modified_time":"2025-03-28T12:31:37+00:00","twitter_card":"summary_large_image","twitter_misc":{"Estimated reading time":"4 minutes"},"schema":{"@context":"https:\/\/schema.org","@graph":[{"@type":"WebPage","@id":"https:\/\/construal.pt\/produtos\/","url":"https:\/\/construal.pt\/produtos\/","name":"Produtos - Construal","isPartOf":{"@id":"https:\/\/construal.pt\/#website"},"datePublished":"2024-11-14T11:43:49+00:00","dateModified":"2025-03-28T12:31:37+00:00","breadcrumb":{"@id":"https:\/\/construal.pt\/produtos\/#breadcrumb"},"inLanguage":"en-GB","potentialAction":[{"@type":"ReadAction","target":["https:\/\/construal.pt\/produtos\/"]}]},{"@type":"BreadcrumbList","@id":"https:\/\/construal.pt\/produtos\/#breadcrumb","itemListElement":[{"@type":"ListItem","position":1,"name":"In\u00edcio","item":"https:\/\/construal.pt\/"},{"@type":"ListItem","position":2,"name":"Produtos"}]},{"@type":"WebSite","@id":"https:\/\/construal.pt\/#website","url":"https:\/\/construal.pt\/","name":"Construal","description":"The company manufactures machines for the ornamental stone industry, standing out for its implementation of innovative technologies and customized production solutions for each client.","publisher":{"@id":"https:\/\/construal.pt\/#organization"},"potentialAction":[{"@type":"SearchAction","target":{"@type":"EntryPoint","urlTemplate":"https:\/\/construal.pt\/?s={search_term_string}"},"query-input":{"@type":"PropertyValueSpecification","valueRequired":true,"valueName":"search_term_string"}}],"inLanguage":"en-GB"},{"@type":"Organization","@id":"https:\/\/construal.pt\/#organization","name":"Construal","url":"https:\/\/construal.pt\/","logo":{"@type":"ImageObject","inLanguage":"en-GB","@id":"https:\/\/construal.pt\/#\/schema\/logo\/image\/","url":"https:\/\/construal.pt\/wp-content\/uploads\/2024\/12\/construal_logotiposWEB.svg","contentUrl":"https:\/\/construal.pt\/wp-content\/uploads\/2024\/12\/construal_logotiposWEB.svg","width":1,"height":1,"caption":"Construal"},"image":{"@id":"https:\/\/construal.pt\/#\/schema\/logo\/image\/"},"sameAs":["https:\/\/www.facebook.com\/Construallda"]}]}},"_links":{"self":[{"href":"https:\/\/construal.pt\/en\/wp-json\/wp\/v2\/pages\/18","targetHints":{"allow":["GET"]}}],"collection":[{"href":"https:\/\/construal.pt\/en\/wp-json\/wp\/v2\/pages"}],"about":[{"href":"https:\/\/construal.pt\/en\/wp-json\/wp\/v2\/types\/page"}],"author":[{"embeddable":true,"href":"https:\/\/construal.pt\/en\/wp-json\/wp\/v2\/users\/1"}],"replies":[{"embeddable":true,"href":"https:\/\/construal.pt\/en\/wp-json\/wp\/v2\/comments?post=18"}],"version-history":[{"count":80,"href":"https:\/\/construal.pt\/en\/wp-json\/wp\/v2\/pages\/18\/revisions"}],"predecessor-version":[{"id":2512,"href":"https:\/\/construal.pt\/en\/wp-json\/wp\/v2\/pages\/18\/revisions\/2512"}],"wp:attachment":[{"href":"https:\/\/construal.pt\/en\/wp-json\/wp\/v2\/media?parent=18"}],"curies":[{"name":"wp","href":"https:\/\/api.w.org\/{rel}","templated":true}]}}