{"id":20,"date":"2024-11-14T11:44:12","date_gmt":"2024-11-14T11:44:12","guid":{"rendered":"https:\/\/construal.pt\/?page_id=20"},"modified":"2025-03-28T12:34:48","modified_gmt":"2025-03-28T12:34:48","slug":"noticias","status":"publish","type":"page","link":"https:\/\/construal.pt\/en\/noticias\/","title":{"rendered":"News"},"content":{"rendered":"<p>[et_pb_section fb_built=&#8221;1&#8243; _builder_version=&#8221;4.27.4&#8243; _module_preset=&#8221;default&#8221; max_height=&#8221;0px&#8221; custom_padding=&#8221;0px||0px||false|false&#8221; global_colors_info=&#8221;{}&#8221;][\/et_pb_section][et_pb_section fb_built=&#8221;1&#8243; next_background_color=&#8221;#ffffff&#8221; _builder_version=&#8221;4.27.4&#8243; _module_preset=&#8221;default&#8221; background_enable_color=&#8221;off&#8221; background_image=&#8221;https:\/\/construal.pt\/wp-content\/uploads\/2024\/12\/Cover-Noticias-1.webp&#8221; z_index=&#8221;500&#8243; min_height=&#8221;502px&#8221; custom_padding=&#8221;35px||222px||false|false&#8221; bottom_divider_style=&#8221;asymmetric2&#8243; bottom_divider_height=&#8221;221px&#8221; hover_enabled=&#8221;0&#8243; locked=&#8221;off&#8221; global_colors_info=&#8221;{}&#8221; title_text=&#8221;Cover-Noticias-1&#8243; sticky_enabled=&#8221;0&#8243;][et_pb_row _builder_version=&#8221;4.27.3&#8243; _module_preset=&#8221;default&#8221; custom_padding=&#8221;60px|||||&#8221; custom_css_free_form=&#8221;Com d\u00e9cadas de experi\u00eancia, a Construal se dedica ao desenvolvimento de m\u00e1quinas e solu\u00e7\u00f5es inovadoras para o setor de pedras naturais. Oferecemos equipamentos que combinam precis\u00e3o, tecnologia e facilidade de uso.||&#8221; global_colors_info=&#8221;{%22gcid-6051dbb2-2458-4185-a69f-475f9d415d57%22:%91%22text_text_color%22,%22text_text_color%22,%22text_text_color%22,%22text_text_color%22,%22text_text_color%22,%22text_text_color%22,%22text_text_color%22,%22text_text_color%22,%22text_text_color%22,%22text_text_color%22%93}&#8221;][et_pb_column type=&#8221;4_4&#8243; _builder_version=&#8221;4.27.3&#8243; _module_preset=&#8221;default&#8221; global_colors_info=&#8221;{}&#8221;][et_pb_text _builder_version=&#8221;4.27.4&#8243; _module_preset=&#8221;default&#8221; text_font=&#8221;Montserrat|600|||||||&#8221; text_text_color=&#8221;#FFFFFF&#8221; text_font_size=&#8221;30px&#8221; text_line_height=&#8221;1.2em&#8221; header_font_size=&#8221;48px&#8221; custom_margin=&#8221;||||false|false&#8221; text_font_size_tablet=&#8221;35px&#8221; text_font_size_phone=&#8221;29px&#8221; text_font_size_last_edited=&#8221;on|tablet&#8221; global_colors_info=&#8221;{%22gcid-cba44d9d-9e46-4613-b61d-877cc473e847%22:%91%22text_text_color%22,%22text_text_color%22%93}&#8221;]<\/p>\n<p style=\"text-align: left;\">Novidades da Construal<\/p>\n<p>[\/et_pb_text][et_pb_text _builder_version=&#8221;4.27.4&#8243; _module_preset=&#8221;default&#8221; text_font=&#8221;Montserrat||||||||&#8221; text_text_color=&#8221;#FFFFFF&#8221; text_font_size=&#8221;15px&#8221; text_line_height=&#8221;1.4em&#8221; header_font_size=&#8221;48px&#8221; width=&#8221;100%&#8221; max_width=&#8221;100%&#8221; max_width_tablet=&#8221;55%&#8221; max_width_phone=&#8221;80%&#8221; max_width_last_edited=&#8221;on|desktop&#8221; custom_margin=&#8221;-16px||||false|false&#8221; custom_margin_tablet=&#8221;-16px||||false|false&#8221; custom_margin_phone=&#8221;-16px||||false|false&#8221; custom_margin_last_edited=&#8221;on|tablet&#8221; custom_padding=&#8221;|628px|||false|false&#8221; custom_padding_tablet=&#8221;|0px|||false|false&#8221; custom_padding_phone=&#8221;|0px|||false|false&#8221; custom_padding_last_edited=&#8221;on|desktop&#8221; text_font_size_tablet=&#8221;15px&#8221; text_font_size_phone=&#8221;14px&#8221; text_font_size_last_edited=&#8221;on|phone&#8221; global_colors_info=&#8221;{%22gcid-cba44d9d-9e46-4613-b61d-877cc473e847%22:%91%22text_text_color%22,%22text_text_color%22,%22text_text_color%22%93}&#8221; max_width__hover_enabled=&#8221;off|desktop&#8221;]<\/p>\n<div role=\"article\" data-list-item-id=\"chat-messages___chat-messages-1229364309801304074-1316800824273277039\" aria-setsize=\"-1\" aria-roledescription=\"Mensagem\" aria-labelledby=\"message-username-1316800698372853862 uid_1 message-content-1316800824273277039 uid_2 message-timestamp-1316800824273277039\" tabindex=\"-1\">\n<div>\n<div id=\"message-content-1316800824273277039\">Esteja sempre atualizado com as inova\u00e7\u00f5es e projetos que moldam o futuro da transforma\u00e7\u00e3o de pedra natural.<\/div>\n<\/div>\n<\/div>\n<p>[\/et_pb_text][\/et_pb_column][\/et_pb_row][\/et_pb_section][et_pb_section fb_built=&#8221;1&#8243; _builder_version=&#8221;4.27.3&#8243; _module_preset=&#8221;default&#8221; custom_padding=&#8221;47px||17px|||&#8221; locked=&#8221;off&#8221; global_colors_info=&#8221;{}&#8221;][et_pb_row _builder_version=&#8221;4.27.3&#8243; _module_preset=&#8221;default&#8221; custom_margin=&#8221;|auto|-11px|auto||&#8221; custom_padding=&#8221;||2px|||&#8221; locked=&#8221;off&#8221; global_colors_info=&#8221;{}&#8221;][et_pb_column type=&#8221;4_4&#8243; _builder_version=&#8221;4.27.3&#8243; _module_preset=&#8221;default&#8221; global_colors_info=&#8221;{}&#8221;][et_pb_text _builder_version=&#8221;4.27.4&#8243; _module_preset=&#8221;default&#8221; text_font=&#8221;Montserrat|600|||||||&#8221; text_text_color=&#8221;gcid-7978096c-a9d6-4ab4-90a1-90ee210304d2&#8243; text_font_size=&#8221;28px&#8221; text_line_height=&#8221;1.3em&#8221; header_font_size=&#8221;48px&#8221; text_orientation=&#8221;center&#8221; min_height=&#8221;33px&#8221; custom_margin=&#8221;|4px|-3px|||&#8221; text_font_size_tablet=&#8221;26px&#8221; text_font_size_phone=&#8221;24px&#8221; text_font_size_last_edited=&#8221;on|desktop&#8221; global_colors_info=&#8221;{%22gcid-7978096c-a9d6-4ab4-90a1-90ee210304d2%22:%91%22text_text_color%22%93}&#8221;]<\/p>\n<p>Acompanhe as \u00faltimas novidades e destaques da Construal<\/p>\n<p>[\/et_pb_text][et_pb_divider _builder_version=&#8221;4.27.4&#8243; _module_preset=&#8221;default&#8221; custom_margin=&#8221;10px||0px||false|false&#8221; custom_padding=&#8221;||0px|||&#8221; global_colors_info=&#8221;{}&#8221;][\/et_pb_divider][\/et_pb_column][\/et_pb_row][et_pb_row _builder_version=&#8221;4.27.4&#8243; _module_preset=&#8221;default&#8221; min_height=&#8221;587px&#8221; custom_margin=&#8221;-2px|auto||auto||&#8221; global_colors_info=&#8221;{}&#8221;][et_pb_column type=&#8221;4_4&#8243; _builder_version=&#8221;4.27.3&#8243; _module_preset=&#8221;default&#8221; global_colors_info=&#8221;{}&#8221;][dsm_blog_carousel include_categories=&#8221;all&#8221; thumbnail_height=&#8221;290px&#8221; use_excerpt=&#8221;off&#8221; meta_date=&#8221;j M, Y&#8221; use_author=&#8221;off&#8221; use_readmore=&#8221;on&#8221; readmore_text=&#8221;Ler mais&#8221; readmore_url_new_window=&#8221;on&#8221; columns=&#8221;2&#8243; multiple_slide_row=&#8221;on&#8221; spacing=&#8221;60&#8243; autoplay=&#8221;off&#8221; pagi_active_color=&#8221;gcid-4f0938c2-e174-445b-8492-8d475eae0352&#8243; post_equal_height=&#8221;on&#8221; grab=&#8221;off&#8221; post_item_bg_color=&#8221;RGBA(255,255,255,0)&#8221; content_wrapper=&#8221;20px|0px|20px|0px|false|false&#8221; columns_tablet=&#8221;1&#8243; columns_phone=&#8221;1&#8243; columns_last_edited=&#8221;on|tablet&#8221; use_navi_tablet=&#8221;&#8221; use_navi_phone=&#8221;off&#8221; use_navi_last_edited=&#8221;on|phone&#8221; _builder_version=&#8221;4.27.4&#8243; _module_preset=&#8221;default&#8221; title_font=&#8221;&#8211;et_global_heading_font|600|||||||&#8221; title_text_color=&#8221;gcid-body-color&#8221; title_font_size=&#8221;21px&#8221; title_line_height=&#8221;1.4em&#8221; body_font=&#8221;&#8211;et_global_body_font||||||||&#8221; date_font=&#8221;&#8211;et_global_body_font||||||||&#8221; date_text_color=&#8221;gcid-body-color&#8221; author_font=&#8221;&#8211;et_global_body_font|500|||||||&#8221; author_text_color=&#8221;gcid-body-color&#8221; category_font=&#8221;&#8211;et_global_body_font||||||||&#8221; bottom_date_font=&#8221;&#8211;et_global_body_font||||||||&#8221; background_enable_color=&#8221;off&#8221; custom_margin=&#8221;15px||50px||false|false&#8221; title_font_size_tablet=&#8221;21px&#8221; title_font_size_phone=&#8221;18px&#8221; title_font_size_last_edited=&#8221;on|phone&#8221; date_font_size_tablet=&#8221;&#8221; date_font_size_phone=&#8221;&#8221; date_font_size_last_edited=&#8221;on|phone&#8221; global_colors_info=&#8221;{%22gcid-76796baa-08ad-4d4d-afb0-c7ea4f4ed007%22:%91%22background_color%22%93,%22gcid-body-color%22:%91%22author_text_color%22,%22date_text_color%22,%22title_text_color%22%93,%22gcid-4f0938c2-e174-445b-8492-8d475eae0352%22:%91%22readmore_text_color%22,%22pagi_active_color%22%93}&#8221;][\/dsm_blog_carousel][\/et_pb_column][\/et_pb_row][\/et_pb_section][et_pb_section fb_built=&#8221;1&#8243; prev_background_color=&#8221;#ffffff&#8221; _builder_version=&#8221;4.27.4&#8243; _module_preset=&#8221;default&#8221; background_enable_color=&#8221;off&#8221; background_image=&#8221;https:\/\/construal.pt\/wp-content\/uploads\/2025\/03\/DSC05608editada.webp&#8221; min_height=&#8221;502px&#8221; custom_padding=&#8221;265px||54px|||&#8221; top_divider_style=&#8221;asymmetric2&#8243; top_divider_height=&#8221;158px&#8221; hover_enabled=&#8221;0&#8243; locked=&#8221;off&#8221; global_colors_info=&#8221;{}&#8221; title_text=&#8221;DSC05608editada&#8221; sticky_enabled=&#8221;0&#8243;][\/et_pb_section]<\/p>\n","protected":false},"excerpt":{"rendered":"<p>Novidades da Construal Esteja sempre atualizado com as inova\u00e7\u00f5es e projetos que moldam o futuro da transforma\u00e7\u00e3o de pedra natural. Acompanhe as \u00faltimas novidades e destaques da Construal<div class=\"et_pb_module dsm_blog_carousel dsm_blog_carousel_0\">\n\t\t\t\t\n\t\t\t\t\n\t\t\t\t\n\t\t\t\t\n\t\t\t\t\n\t\t\t\t\n\t\t\t\t<div class=\"et_pb_module_inner\">\n\t\t\t\t\t<div class=\"dsm-blog-carousel\" data-orientation='horizontal' data-loop='' data-speed='500' data-columnsdesktop='2' data-columnsphone='1' data-columnstablet='1' data-autoplay='off' data-autoplayspeed='5000' data-ordernumber='0' data-spacing='60' data-spacingtablet='60' data-spacingphone='60' data-effect='default' data-effect-shadows='off' data-effect-coverflow-rotate='30' data-effect-coverflow-depth='100' data-centered='off' data-multi-row='on' data-row='1' data-rowstablet='1' data-rowsphone='1' data-pagi-button-style='bullets' data-pause-on-hover='off' data-touch-move='off' data-grab='off' data-mousewheel='off'>\n\t\t\t\t<div class=\"swiper-container dsm_blog_carousel_wrapper\" dir=\"ltr\">\n\t\t\t\t\t<div class=\"dsm-blog-carousel-wrapper swiper-wrapper\">\n\t\t\t\t\t\t\n\t\t\t\t<article class=\"dsm-blog-carousel-item swiper-slide\">\n\t\t\t\t\t<div class=\"dsm-grid-post-holder-inner\">\n\t\t\t\t\t\t\t\t\t\t\t\t\t<div class=\"dsm-entry-image\">\n\t\t\t\t\t\t\t\t\t\t\t\t\t\t\t\t<div class=\"dsm-entry-thumbnail\">\n\t\t\t\t\t\t\t\t\t\t\t\t\t\t\t\t\t\t\t<a href=\"https:\/\/construal.pt\/en\/construal-reforca-parceria-com-alfredo-antunes-flor-lda-empedra\/\">\n\t\t\t\t\t\t\t\t\t\t\t\t\t\t\t\t\t\t<img width=\"1080\" height=\"675\" src=\"https:\/\/construal.pt\/wp-content\/uploads\/2024\/11\/ESCOLHIDA-transformed-1080x675.png\" class=\"skip-lazy wp-post-image\" alt=\"\" decoding=\"async\" loading=\"lazy\" srcset=\"https:\/\/construal.pt\/wp-content\/uploads\/2024\/11\/ESCOLHIDA-transformed-980x735.png 980w, https:\/\/construal.pt\/wp-content\/uploads\/2024\/11\/ESCOLHIDA-transformed-480x360.png 480w\" sizes=\"(min-width: 0px) and (max-width: 480px) 480px, (min-width: 481px) and (max-width: 980px) 980px, (min-width: 981px) 1080px, 100vw\" \/>\t\t\t\t\t\t\t\t\t\t\t\t\t\t\t\t\t\t<\/a>\n\t\t\t\t\t\t\t\t\t\t\t\t\t\t\t\t\t<\/div>\n\t\t\t\t\t\t\t<\/div>\n\t\t\t\t\t\t\n\t\t\t\t\t\t<div class=\"dsm-entry-wrapper\">\n\t\t\t\t\t\t\t\t\t\t\t\t\t\t<header class=\"dsm-entry-header\">\n\t\t\t\t\t\t\t\t\t<h2 class=\"dsm-entry-title\">\n\t\t\t\t\t\t\t\t\t\t\t\t\t\t\t\t\t\t\t\t\t<a href=\"https:\/\/construal.pt\/en\/construal-reforca-parceria-com-alfredo-antunes-flor-lda-empedra\/\">Construal strengthens partnership with Alfredo Antunes Flor, Lda \u2013 em Pedra<\/a>\n\t\t\t\t\t\t\t\t\t\t\t\t\t\t\t\t\t\t\t<\/h2>\n\t\t\t\t\t\t\t\t<\/header>\n\t\t\t\t\t\t\n\t\t\t\t\t\t\t\t\t\t\t\t\t<div class=\"dsm-entry-meta\">\n\t\t\t\t\t\t\t\t\t\t\t\t\t\t\t\t\t\t\t\t\t\t\t\t\t<span class=\"dsm-meta-seperator\">|<\/span>\n\t\t\t\t\t\t\t\t\t<span class=\"dsm-posted-on\"><time datetime=\"9 Dec, 2024\">9 Dec, 2024<\/time><\/span>\n\t\t\t\t\t\t\t\t\t\t\t\t\t\t\t\t\t\t\t\t\t\t\t<\/div>\n\t\t\t\t\t\t\t\n\t\t\t\t\t\t\t\n\t\t\t\t\t\t\t\t\t\t\t\t\t\t\t\t\t<div class=\"dsm-readmore-wrap et_pb_bg_layout_light\">\n\t\t\t\t\t\t\t\t\t\t\t\t\t\t\t\t\t\t\t\t\t<a href=\"https:\/\/construal.pt\/en\/construal-reforca-parceria-com-alfredo-antunes-flor-lda-empedra\/\"  class=\"dsm-readmore-btn  et_pb_custom_button_icon\" data-icon=\"5\" target=\"_blank\">Learn More<\/a>\n\t\t\t\t\t\t\t\t\t\t\t\t\t\t\t\t\t\t\t<\/div>\n\t\t\t\t\t\t\t\t\t\t\t\t\t\t\t\t\t\t\t\t\t<\/div>\n\t\t\t\t\t<\/div>\n\t\t\t\t<\/article>\n\n\t\t\t\t\n\t\t\t\t<article class=\"dsm-blog-carousel-item swiper-slide\">\n\t\t\t\t\t<div class=\"dsm-grid-post-holder-inner\">\n\t\t\t\t\t\t\t\t\t\t\t\t\t<div class=\"dsm-entry-image\">\n\t\t\t\t\t\t\t\t\t\t\t\t\t\t\t\t<div class=\"dsm-entry-thumbnail\">\n\t\t\t\t\t\t\t\t\t\t\t\t\t\t\t\t\t\t\t<a href=\"https:\/\/construal.pt\/en\/o-grupo-galrao-natural-stones-reforcou-a-sua-confianca-na-construal\/\">\n\t\t\t\t\t\t\t\t\t\t\t\t\t\t\t\t\t\t<img width=\"1080\" height=\"675\" src=\"https:\/\/construal.pt\/wp-content\/uploads\/2024\/12\/463402303_1164058345535019_4507551876219488493_n-1080x675.png\" class=\"skip-lazy wp-post-image\" alt=\"\" decoding=\"async\" loading=\"lazy\" srcset=\"https:\/\/construal.pt\/wp-content\/uploads\/2024\/12\/463402303_1164058345535019_4507551876219488493_n-980x980.png 980w, https:\/\/construal.pt\/wp-content\/uploads\/2024\/12\/463402303_1164058345535019_4507551876219488493_n-480x480.png 480w\" sizes=\"(min-width: 0px) and (max-width: 480px) 480px, (min-width: 481px) and (max-width: 980px) 980px, (min-width: 981px) 1080px, 100vw\" \/>\t\t\t\t\t\t\t\t\t\t\t\t\t\t\t\t\t\t<\/a>\n\t\t\t\t\t\t\t\t\t\t\t\t\t\t\t\t\t<\/div>\n\t\t\t\t\t\t\t<\/div>\n\t\t\t\t\t\t\n\t\t\t\t\t\t<div class=\"dsm-entry-wrapper\">\n\t\t\t\t\t\t\t\t\t\t\t\t\t\t<header class=\"dsm-entry-header\">\n\t\t\t\t\t\t\t\t\t<h2 class=\"dsm-entry-title\">\n\t\t\t\t\t\t\t\t\t\t\t\t\t\t\t\t\t\t\t\t\t<a href=\"https:\/\/construal.pt\/en\/o-grupo-galrao-natural-stones-reforcou-a-sua-confianca-na-construal\/\">Grupo Galr\u00e3o \u2013 Natural Stones reinforces its trust in Construal<\/a>\n\t\t\t\t\t\t\t\t\t\t\t\t\t\t\t\t\t\t\t<\/h2>\n\t\t\t\t\t\t\t\t<\/header>\n\t\t\t\t\t\t\n\t\t\t\t\t\t\t\t\t\t\t\t\t<div class=\"dsm-entry-meta\">\n\t\t\t\t\t\t\t\t\t\t\t\t\t\t\t\t\t\t\t\t\t\t\t\t\t<span class=\"dsm-meta-seperator\">|<\/span>\n\t\t\t\t\t\t\t\t\t<span class=\"dsm-posted-on\"><time datetime=\"16 Oct, 2024\">16 Oct, 2024<\/time><\/span>\n\t\t\t\t\t\t\t\t\t\t\t\t\t\t\t\t\t\t\t\t\t\t\t<\/div>\n\t\t\t\t\t\t\t\n\t\t\t\t\t\t\t\n\t\t\t\t\t\t\t\t\t\t\t\t\t\t\t\t\t<div class=\"dsm-readmore-wrap et_pb_bg_layout_light\">\n\t\t\t\t\t\t\t\t\t\t\t\t\t\t\t\t\t\t\t\t\t<a href=\"https:\/\/construal.pt\/en\/o-grupo-galrao-natural-stones-reforcou-a-sua-confianca-na-construal\/\"  class=\"dsm-readmore-btn  et_pb_custom_button_icon\" data-icon=\"5\" target=\"_blank\">Learn More<\/a>\n\t\t\t\t\t\t\t\t\t\t\t\t\t\t\t\t\t\t\t<\/div>\n\t\t\t\t\t\t\t\t\t\t\t\t\t\t\t\t\t\t\t\t\t<\/div>\n\t\t\t\t\t<\/div>\n\t\t\t\t<\/article>\n\n\t\t\t\t\n\t\t\t\t<article class=\"dsm-blog-carousel-item swiper-slide\">\n\t\t\t\t\t<div class=\"dsm-grid-post-holder-inner\">\n\t\t\t\t\t\t\t\t\t\t\t\t\t<div class=\"dsm-entry-image\">\n\t\t\t\t\t\t\t\t\t\t\t\t\t\t\t\t<div class=\"dsm-entry-thumbnail\">\n\t\t\t\t\t\t\t\t\t\t\t\t\t\t\t\t\t\t\t<a href=\"https:\/\/construal.pt\/en\/artigo-de-evento-para-teste-2-2-3\/\">\n\t\t\t\t\t\t\t\t\t\t\t\t\t\t\t\t\t\t<img width=\"1080\" height=\"608\" src=\"https:\/\/construal.pt\/wp-content\/uploads\/2024\/10\/DSC05492pb.webp\" class=\"skip-lazy wp-post-image\" alt=\"\" decoding=\"async\" loading=\"lazy\" srcset=\"https:\/\/construal.pt\/wp-content\/uploads\/2024\/10\/DSC05492pb.webp 1080w, https:\/\/construal.pt\/wp-content\/uploads\/2024\/10\/DSC05492pb-980x552.webp 980w, https:\/\/construal.pt\/wp-content\/uploads\/2024\/10\/DSC05492pb-480x270.webp 480w\" sizes=\"(min-width: 0px) and (max-width: 480px) 480px, (min-width: 481px) and (max-width: 980px) 980px, (min-width: 981px) 1080px, 100vw\" \/>\t\t\t\t\t\t\t\t\t\t\t\t\t\t\t\t\t\t<\/a>\n\t\t\t\t\t\t\t\t\t\t\t\t\t\t\t\t\t<\/div>\n\t\t\t\t\t\t\t<\/div>\n\t\t\t\t\t\t\n\t\t\t\t\t\t<div class=\"dsm-entry-wrapper\">\n\t\t\t\t\t\t\t\t\t\t\t\t\t\t<header class=\"dsm-entry-header\">\n\t\t\t\t\t\t\t\t\t<h2 class=\"dsm-entry-title\">\n\t\t\t\t\t\t\t\t\t\t\t\t\t\t\t\t\t\t\t\t\t<a href=\"https:\/\/construal.pt\/en\/artigo-de-evento-para-teste-2-2-3\/\">Stone cutting machine maintenance \u2013 5 essential tips from Construal<\/a>\n\t\t\t\t\t\t\t\t\t\t\t\t\t\t\t\t\t\t\t<\/h2>\n\t\t\t\t\t\t\t\t<\/header>\n\t\t\t\t\t\t\n\t\t\t\t\t\t\t\t\t\t\t\t\t<div class=\"dsm-entry-meta\">\n\t\t\t\t\t\t\t\t\t\t\t\t\t\t\t\t\t\t\t\t\t\t\t\t\t<span class=\"dsm-meta-seperator\">|<\/span>\n\t\t\t\t\t\t\t\t\t<span class=\"dsm-posted-on\"><time datetime=\"10 Oct, 2024\">10 Oct, 2024<\/time><\/span>\n\t\t\t\t\t\t\t\t\t\t\t\t\t\t\t\t\t\t\t\t\t\t\t<\/div>\n\t\t\t\t\t\t\t\n\t\t\t\t\t\t\t\n\t\t\t\t\t\t\t\t\t\t\t\t\t\t\t\t\t<div class=\"dsm-readmore-wrap et_pb_bg_layout_light\">\n\t\t\t\t\t\t\t\t\t\t\t\t\t\t\t\t\t\t\t\t\t<a href=\"https:\/\/construal.pt\/en\/artigo-de-evento-para-teste-2-2-3\/\"  class=\"dsm-readmore-btn  et_pb_custom_button_icon\" data-icon=\"5\" target=\"_blank\">Learn More<\/a>\n\t\t\t\t\t\t\t\t\t\t\t\t\t\t\t\t\t\t\t<\/div>\n\t\t\t\t\t\t\t\t\t\t\t\t\t\t\t\t\t\t\t\t\t<\/div>\n\t\t\t\t\t<\/div>\n\t\t\t\t<\/article>\n\n\t\t\t\t\n\t\t\t\t\t<\/div>\n\t\t\t\t<\/div>\n\t\t\t\t<div class=\"swiper-button-next swiper-arrow-button dsm-arrow-button-next0\" data-icon=\"5\"><\/div>\n\t\t\t\t<div class=\"swiper-button-prev swiper-arrow-button dsm-arrow-button-prev0\" data-icon=\"4\"><\/div>\n\t\t\t\t<div class=\"swiper-container-horizontal\">\n\t\t\t\t\t<div class=\"swiper-pagination dsm-pagination0\"><\/div>\n\t\t\t\t<\/div>\n\t\t\t<\/div>\n\t\t\t\t<\/div>\n\t\t\t<\/div><\/p>","protected":false},"author":1,"featured_media":0,"parent":0,"menu_order":0,"comment_status":"closed","ping_status":"closed","template":"","meta":{"_acf_changed":false,"_et_pb_use_builder":"on","_et_pb_old_content":"","_et_gb_content_width":"","footnotes":""},"class_list":["post-20","page","type-page","status-publish","hentry"],"acf":[],"yoast_head":"<!-- This site is optimized with the Yoast SEO plugin v27.1.1 - https:\/\/yoast.com\/product\/yoast-seo-wordpress\/ -->\n<title>Not\u00edcias - Construal<\/title>\n<meta name=\"robots\" content=\"index, follow, max-snippet:-1, max-image-preview:large, max-video-preview:-1\" \/>\n<link rel=\"canonical\" href=\"https:\/\/construal.pt\/en\/noticias\/\" \/>\n<meta property=\"og:locale\" content=\"en_GB\" \/>\n<meta property=\"og:type\" content=\"article\" \/>\n<meta property=\"og:title\" content=\"Not\u00edcias - Construal\" \/>\n<meta property=\"og:description\" content=\"Novidades da Construal Esteja sempre atualizado com as inova\u00e7\u00f5es e projetos que moldam o futuro da transforma\u00e7\u00e3o de pedra natural. Acompanhe as \u00faltimas novidades e destaques da Construal\" \/>\n<meta property=\"og:url\" content=\"https:\/\/construal.pt\/en\/noticias\/\" \/>\n<meta property=\"og:site_name\" content=\"Construal\" \/>\n<meta property=\"article:publisher\" content=\"https:\/\/www.facebook.com\/Construallda\" \/>\n<meta property=\"article:modified_time\" content=\"2025-03-28T12:34:48+00:00\" \/>\n<meta name=\"twitter:card\" content=\"summary_large_image\" \/>\n<meta name=\"twitter:label1\" content=\"Estimated reading time\" \/>\n\t<meta name=\"twitter:data1\" content=\"5 minutes\" \/>\n<script type=\"application\/ld+json\" class=\"yoast-schema-graph\">{\"@context\":\"https:\/\/schema.org\",\"@graph\":[{\"@type\":\"WebPage\",\"@id\":\"https:\/\/construal.pt\/noticias\/\",\"url\":\"https:\/\/construal.pt\/noticias\/\",\"name\":\"Not\u00edcias - Construal\",\"isPartOf\":{\"@id\":\"https:\/\/construal.pt\/#website\"},\"datePublished\":\"2024-11-14T11:44:12+00:00\",\"dateModified\":\"2025-03-28T12:34:48+00:00\",\"breadcrumb\":{\"@id\":\"https:\/\/construal.pt\/noticias\/#breadcrumb\"},\"inLanguage\":\"en-GB\",\"potentialAction\":[{\"@type\":\"ReadAction\",\"target\":[\"https:\/\/construal.pt\/noticias\/\"]}]},{\"@type\":\"BreadcrumbList\",\"@id\":\"https:\/\/construal.pt\/noticias\/#breadcrumb\",\"itemListElement\":[{\"@type\":\"ListItem\",\"position\":1,\"name\":\"In\u00edcio\",\"item\":\"https:\/\/construal.pt\/\"},{\"@type\":\"ListItem\",\"position\":2,\"name\":\"Not\u00edcias\"}]},{\"@type\":\"WebSite\",\"@id\":\"https:\/\/construal.pt\/#website\",\"url\":\"https:\/\/construal.pt\/\",\"name\":\"Construal\",\"description\":\"A empresa produz m\u00e1quinas para a ind\u00fastria de rochas ornamentais, destacando-se pela implementa\u00e7\u00e3o de tecnologias inovadoras e solu\u00e7\u00f5es produtivas personalizadas para cada cliente.\",\"publisher\":{\"@id\":\"https:\/\/construal.pt\/#organization\"},\"potentialAction\":[{\"@type\":\"SearchAction\",\"target\":{\"@type\":\"EntryPoint\",\"urlTemplate\":\"https:\/\/construal.pt\/?s={search_term_string}\"},\"query-input\":{\"@type\":\"PropertyValueSpecification\",\"valueRequired\":true,\"valueName\":\"search_term_string\"}}],\"inLanguage\":\"en-GB\"},{\"@type\":\"Organization\",\"@id\":\"https:\/\/construal.pt\/#organization\",\"name\":\"Construal\",\"url\":\"https:\/\/construal.pt\/\",\"logo\":{\"@type\":\"ImageObject\",\"inLanguage\":\"en-GB\",\"@id\":\"https:\/\/construal.pt\/#\/schema\/logo\/image\/\",\"url\":\"https:\/\/construal.pt\/wp-content\/uploads\/2024\/12\/construal_logotiposWEB.svg\",\"contentUrl\":\"https:\/\/construal.pt\/wp-content\/uploads\/2024\/12\/construal_logotiposWEB.svg\",\"width\":1,\"height\":1,\"caption\":\"Construal\"},\"image\":{\"@id\":\"https:\/\/construal.pt\/#\/schema\/logo\/image\/\"},\"sameAs\":[\"https:\/\/www.facebook.com\/Construallda\"]}]}<\/script>\n<!-- \/ Yoast SEO plugin. -->","yoast_head_json":{"title":"Not\u00edcias - Construal","robots":{"index":"index","follow":"follow","max-snippet":"max-snippet:-1","max-image-preview":"max-image-preview:large","max-video-preview":"max-video-preview:-1"},"canonical":"https:\/\/construal.pt\/en\/noticias\/","og_locale":"en_GB","og_type":"article","og_title":"Not\u00edcias - Construal","og_description":"Novidades da Construal Esteja sempre atualizado com as inova\u00e7\u00f5es e projetos que moldam o futuro da transforma\u00e7\u00e3o de pedra natural. Acompanhe as \u00faltimas novidades e destaques da Construal","og_url":"https:\/\/construal.pt\/en\/noticias\/","og_site_name":"Construal","article_publisher":"https:\/\/www.facebook.com\/Construallda","article_modified_time":"2025-03-28T12:34:48+00:00","twitter_card":"summary_large_image","twitter_misc":{"Estimated reading time":"5 minutes"},"schema":{"@context":"https:\/\/schema.org","@graph":[{"@type":"WebPage","@id":"https:\/\/construal.pt\/noticias\/","url":"https:\/\/construal.pt\/noticias\/","name":"Not\u00edcias - Construal","isPartOf":{"@id":"https:\/\/construal.pt\/#website"},"datePublished":"2024-11-14T11:44:12+00:00","dateModified":"2025-03-28T12:34:48+00:00","breadcrumb":{"@id":"https:\/\/construal.pt\/noticias\/#breadcrumb"},"inLanguage":"en-GB","potentialAction":[{"@type":"ReadAction","target":["https:\/\/construal.pt\/noticias\/"]}]},{"@type":"BreadcrumbList","@id":"https:\/\/construal.pt\/noticias\/#breadcrumb","itemListElement":[{"@type":"ListItem","position":1,"name":"In\u00edcio","item":"https:\/\/construal.pt\/"},{"@type":"ListItem","position":2,"name":"Not\u00edcias"}]},{"@type":"WebSite","@id":"https:\/\/construal.pt\/#website","url":"https:\/\/construal.pt\/","name":"Construal","description":"The company manufactures machines for the ornamental stone industry, standing out for its implementation of innovative technologies and customized production solutions for each client.","publisher":{"@id":"https:\/\/construal.pt\/#organization"},"potentialAction":[{"@type":"SearchAction","target":{"@type":"EntryPoint","urlTemplate":"https:\/\/construal.pt\/?s={search_term_string}"},"query-input":{"@type":"PropertyValueSpecification","valueRequired":true,"valueName":"search_term_string"}}],"inLanguage":"en-GB"},{"@type":"Organization","@id":"https:\/\/construal.pt\/#organization","name":"Construal","url":"https:\/\/construal.pt\/","logo":{"@type":"ImageObject","inLanguage":"en-GB","@id":"https:\/\/construal.pt\/#\/schema\/logo\/image\/","url":"https:\/\/construal.pt\/wp-content\/uploads\/2024\/12\/construal_logotiposWEB.svg","contentUrl":"https:\/\/construal.pt\/wp-content\/uploads\/2024\/12\/construal_logotiposWEB.svg","width":1,"height":1,"caption":"Construal"},"image":{"@id":"https:\/\/construal.pt\/#\/schema\/logo\/image\/"},"sameAs":["https:\/\/www.facebook.com\/Construallda"]}]}},"_links":{"self":[{"href":"https:\/\/construal.pt\/en\/wp-json\/wp\/v2\/pages\/20","targetHints":{"allow":["GET"]}}],"collection":[{"href":"https:\/\/construal.pt\/en\/wp-json\/wp\/v2\/pages"}],"about":[{"href":"https:\/\/construal.pt\/en\/wp-json\/wp\/v2\/types\/page"}],"author":[{"embeddable":true,"href":"https:\/\/construal.pt\/en\/wp-json\/wp\/v2\/users\/1"}],"replies":[{"embeddable":true,"href":"https:\/\/construal.pt\/en\/wp-json\/wp\/v2\/comments?post=20"}],"version-history":[{"count":39,"href":"https:\/\/construal.pt\/en\/wp-json\/wp\/v2\/pages\/20\/revisions"}],"predecessor-version":[{"id":2514,"href":"https:\/\/construal.pt\/en\/wp-json\/wp\/v2\/pages\/20\/revisions\/2514"}],"wp:attachment":[{"href":"https:\/\/construal.pt\/en\/wp-json\/wp\/v2\/media?parent=20"}],"curies":[{"name":"wp","href":"https:\/\/api.w.org\/{rel}","templated":true}]}}