{"id":419,"date":"2024-12-02T11:20:12","date_gmt":"2024-12-02T11:20:12","guid":{"rendered":"https:\/\/construal.pt\/?page_id=419"},"modified":"2025-04-01T15:03:03","modified_gmt":"2025-04-01T15:03:03","slug":"termos-de-uso","status":"publish","type":"page","link":"https:\/\/construal.pt\/en\/termos-de-uso\/","title":{"rendered":"Terms of Use"},"content":{"rendered":"<p><strong>Terms of Use<\/strong><\/p>\n\n\n\n<p>These Terms of Use regulate the access to and the use of Construal\u2019s website. By using the site, the user agrees to these terms.<\/p>\n\n\n\n<hr class=\"wp-block-separator has-alpha-channel-opacity\"\/>\n\n\n\n<p><strong>1. Acceptance of Terms<\/strong> By accessing and using this website, the user agrees to comply with these Terms of Use. If you do not agree, you must stop using the site immediately.<\/p>\n\n\n\n<hr class=\"wp-block-separator has-alpha-channel-opacity\"\/>\n\n\n\n<p><strong>2. Permitted Use<\/strong><\/p>\n\n\n\n<ul class=\"wp-block-list\">\n<li>This site is intended for informational and commercial purposes related to Construal's products and services.<\/li>\n\n\n\n<li>The following are prohibited:\n<ul class=\"wp-block-list\">\n<li>Using the site for illegal or fraudulent purposes<\/li>\n\n\n\n<li>Reproduzir, distribuir ou modificar conte\u00fados sem autoriza\u00e7\u00e3o pr\u00e9via.<\/li>\n<\/ul>\n<\/li>\n<\/ul>\n\n\n\n<hr class=\"wp-block-separator has-alpha-channel-opacity\"\/>\n\n\n\n<p><strong>3. Intellectual Property<\/strong><\/p>\n\n\n\n<ul class=\"wp-block-list\">\n<li>All texts, images, videos, and other content on the site are the property of Construal or are licensed to the company.<\/li>\n\n\n\n<li>Use of any content without permission is strictly prohibited.<\/li>\n<\/ul>\n\n\n\n<hr class=\"wp-block-separator has-alpha-channel-opacity\"\/>\n\n\n\n<p><strong>4. Disclaimer<\/strong><\/p>\n\n\n\n<ul class=\"wp-block-list\">\n<li>While we strive to provide accurate information, we do not guarantee that the site content is free of errors or omissions.<\/li>\n\n\n\n<li>We are not responsible for any losses or damages resulting from the use of the site.<\/li>\n<\/ul>\n\n\n\n<hr class=\"wp-block-separator has-alpha-channel-opacity\"\/>\n\n\n\n<p><strong>5. Third-Party Links<\/strong> The site may contain links to third-party websites. We are not responsible for the content or privacy practices of those sites.<\/p>\n\n\n\n<hr class=\"wp-block-separator has-alpha-channel-opacity\"\/>\n\n\n\n<p><strong>6. Changes to the Terms<\/strong> We reserve the right to modify these Terms of Use at any time. Continued use of the site implies acceptance of the updated terms.<\/p>\n\n\n\n<hr class=\"wp-block-separator has-alpha-channel-opacity\"\/>\n\n\n\n<p><strong>7. Governing Law<\/strong> These Terms are governed by the laws of Portugal. Any disputes will be resolved in the competent courts.<\/p>\n\n\n\n<hr class=\"wp-block-separator has-alpha-channel-opacity\"\/>\n\n\n\n<p><strong>8. Contact<\/strong> For any questions related to the Terms of Use, please contact us at: \u2028construal@construal.pt <a>construal@construal.pt<\/a><\/p>","protected":false},"excerpt":{"rendered":"<p>Termos de Uso Estes Termos de Uso regulam o acesso e a utiliza\u00e7\u00e3o do site da Construal. Ao utilizar o site, o utilizador concorda com estes termos. 1. Aceita\u00e7\u00e3o dos Termos Ao acessar e utilizar este site, o utilizador concorda em cumprir estes Termos de Uso. Se n\u00e3o concordar, deve cessar o uso do site\u2026 <a href=\"https:\/\/construal.pt\/en\/termos-de-uso\/\">Read More &raquo;<\/a><\/p>","protected":false},"author":1,"featured_media":0,"parent":0,"menu_order":0,"comment_status":"closed","ping_status":"closed","template":"","meta":{"_acf_changed":false,"_et_pb_use_builder":"off","_et_pb_old_content":"","_et_gb_content_width":"1080","footnotes":""},"class_list":["post-419","page","type-page","status-publish","hentry"],"acf":[],"yoast_head":"<!-- This site is optimized with the Yoast SEO plugin v27.1.1 - https:\/\/yoast.com\/product\/yoast-seo-wordpress\/ -->\n<title>Termos de Uso - Construal<\/title>\n<meta name=\"robots\" content=\"index, follow, max-snippet:-1, max-image-preview:large, max-video-preview:-1\" \/>\n<link rel=\"canonical\" href=\"https:\/\/construal.pt\/en\/termos-de-uso\/\" \/>\n<meta property=\"og:locale\" content=\"en_GB\" \/>\n<meta property=\"og:type\" content=\"article\" \/>\n<meta property=\"og:title\" content=\"Termos de Uso - Construal\" \/>\n<meta property=\"og:description\" content=\"Termos de Uso Estes Termos de Uso regulam o acesso e a utiliza\u00e7\u00e3o do site da Construal. Ao utilizar o site, o utilizador concorda com estes termos. 1. Aceita\u00e7\u00e3o dos Termos Ao acessar e utilizar este site, o utilizador concorda em cumprir estes Termos de Uso. Se n\u00e3o concordar, deve cessar o uso do site\u2026 Read More &raquo;\" \/>\n<meta property=\"og:url\" content=\"https:\/\/construal.pt\/en\/termos-de-uso\/\" \/>\n<meta property=\"og:site_name\" content=\"Construal\" \/>\n<meta property=\"article:publisher\" content=\"https:\/\/www.facebook.com\/Construallda\" \/>\n<meta property=\"article:modified_time\" content=\"2025-04-01T15:03:03+00:00\" \/>\n<meta name=\"twitter:card\" content=\"summary_large_image\" \/>\n<meta name=\"twitter:label1\" content=\"Estimated reading time\" \/>\n\t<meta name=\"twitter:data1\" content=\"1 minute\" \/>\n<script type=\"application\/ld+json\" class=\"yoast-schema-graph\">{\"@context\":\"https:\/\/schema.org\",\"@graph\":[{\"@type\":\"WebPage\",\"@id\":\"https:\/\/construal.pt\/termos-de-uso\/\",\"url\":\"https:\/\/construal.pt\/termos-de-uso\/\",\"name\":\"Termos de Uso - Construal\",\"isPartOf\":{\"@id\":\"https:\/\/construal.pt\/#website\"},\"datePublished\":\"2024-12-02T11:20:12+00:00\",\"dateModified\":\"2025-04-01T15:03:03+00:00\",\"breadcrumb\":{\"@id\":\"https:\/\/construal.pt\/termos-de-uso\/#breadcrumb\"},\"inLanguage\":\"en-GB\",\"potentialAction\":[{\"@type\":\"ReadAction\",\"target\":[\"https:\/\/construal.pt\/termos-de-uso\/\"]}]},{\"@type\":\"BreadcrumbList\",\"@id\":\"https:\/\/construal.pt\/termos-de-uso\/#breadcrumb\",\"itemListElement\":[{\"@type\":\"ListItem\",\"position\":1,\"name\":\"In\u00edcio\",\"item\":\"https:\/\/construal.pt\/\"},{\"@type\":\"ListItem\",\"position\":2,\"name\":\"Termos de Uso\"}]},{\"@type\":\"WebSite\",\"@id\":\"https:\/\/construal.pt\/#website\",\"url\":\"https:\/\/construal.pt\/\",\"name\":\"Construal\",\"description\":\"A empresa produz m\u00e1quinas para a ind\u00fastria de rochas ornamentais, destacando-se pela implementa\u00e7\u00e3o de tecnologias inovadoras e solu\u00e7\u00f5es produtivas personalizadas para cada cliente.\",\"publisher\":{\"@id\":\"https:\/\/construal.pt\/#organization\"},\"potentialAction\":[{\"@type\":\"SearchAction\",\"target\":{\"@type\":\"EntryPoint\",\"urlTemplate\":\"https:\/\/construal.pt\/?s={search_term_string}\"},\"query-input\":{\"@type\":\"PropertyValueSpecification\",\"valueRequired\":true,\"valueName\":\"search_term_string\"}}],\"inLanguage\":\"en-GB\"},{\"@type\":\"Organization\",\"@id\":\"https:\/\/construal.pt\/#organization\",\"name\":\"Construal\",\"url\":\"https:\/\/construal.pt\/\",\"logo\":{\"@type\":\"ImageObject\",\"inLanguage\":\"en-GB\",\"@id\":\"https:\/\/construal.pt\/#\/schema\/logo\/image\/\",\"url\":\"https:\/\/construal.pt\/wp-content\/uploads\/2024\/12\/construal_logotiposWEB.svg\",\"contentUrl\":\"https:\/\/construal.pt\/wp-content\/uploads\/2024\/12\/construal_logotiposWEB.svg\",\"width\":1,\"height\":1,\"caption\":\"Construal\"},\"image\":{\"@id\":\"https:\/\/construal.pt\/#\/schema\/logo\/image\/\"},\"sameAs\":[\"https:\/\/www.facebook.com\/Construallda\"]}]}<\/script>\n<!-- \/ Yoast SEO plugin. -->","yoast_head_json":{"title":"Termos de Uso - Construal","robots":{"index":"index","follow":"follow","max-snippet":"max-snippet:-1","max-image-preview":"max-image-preview:large","max-video-preview":"max-video-preview:-1"},"canonical":"https:\/\/construal.pt\/en\/termos-de-uso\/","og_locale":"en_GB","og_type":"article","og_title":"Termos de Uso - Construal","og_description":"Termos de Uso Estes Termos de Uso regulam o acesso e a utiliza\u00e7\u00e3o do site da Construal. Ao utilizar o site, o utilizador concorda com estes termos. 1. Aceita\u00e7\u00e3o dos Termos Ao acessar e utilizar este site, o utilizador concorda em cumprir estes Termos de Uso. Se n\u00e3o concordar, deve cessar o uso do site\u2026 Read More &raquo;","og_url":"https:\/\/construal.pt\/en\/termos-de-uso\/","og_site_name":"Construal","article_publisher":"https:\/\/www.facebook.com\/Construallda","article_modified_time":"2025-04-01T15:03:03+00:00","twitter_card":"summary_large_image","twitter_misc":{"Estimated reading time":"1 minute"},"schema":{"@context":"https:\/\/schema.org","@graph":[{"@type":"WebPage","@id":"https:\/\/construal.pt\/termos-de-uso\/","url":"https:\/\/construal.pt\/termos-de-uso\/","name":"Termos de Uso - Construal","isPartOf":{"@id":"https:\/\/construal.pt\/#website"},"datePublished":"2024-12-02T11:20:12+00:00","dateModified":"2025-04-01T15:03:03+00:00","breadcrumb":{"@id":"https:\/\/construal.pt\/termos-de-uso\/#breadcrumb"},"inLanguage":"en-GB","potentialAction":[{"@type":"ReadAction","target":["https:\/\/construal.pt\/termos-de-uso\/"]}]},{"@type":"BreadcrumbList","@id":"https:\/\/construal.pt\/termos-de-uso\/#breadcrumb","itemListElement":[{"@type":"ListItem","position":1,"name":"In\u00edcio","item":"https:\/\/construal.pt\/"},{"@type":"ListItem","position":2,"name":"Termos de Uso"}]},{"@type":"WebSite","@id":"https:\/\/construal.pt\/#website","url":"https:\/\/construal.pt\/","name":"Construal","description":"The company manufactures machines for the ornamental stone industry, standing out for its implementation of innovative technologies and customized production solutions for each client.","publisher":{"@id":"https:\/\/construal.pt\/#organization"},"potentialAction":[{"@type":"SearchAction","target":{"@type":"EntryPoint","urlTemplate":"https:\/\/construal.pt\/?s={search_term_string}"},"query-input":{"@type":"PropertyValueSpecification","valueRequired":true,"valueName":"search_term_string"}}],"inLanguage":"en-GB"},{"@type":"Organization","@id":"https:\/\/construal.pt\/#organization","name":"Construal","url":"https:\/\/construal.pt\/","logo":{"@type":"ImageObject","inLanguage":"en-GB","@id":"https:\/\/construal.pt\/#\/schema\/logo\/image\/","url":"https:\/\/construal.pt\/wp-content\/uploads\/2024\/12\/construal_logotiposWEB.svg","contentUrl":"https:\/\/construal.pt\/wp-content\/uploads\/2024\/12\/construal_logotiposWEB.svg","width":1,"height":1,"caption":"Construal"},"image":{"@id":"https:\/\/construal.pt\/#\/schema\/logo\/image\/"},"sameAs":["https:\/\/www.facebook.com\/Construallda"]}]}},"_links":{"self":[{"href":"https:\/\/construal.pt\/en\/wp-json\/wp\/v2\/pages\/419","targetHints":{"allow":["GET"]}}],"collection":[{"href":"https:\/\/construal.pt\/en\/wp-json\/wp\/v2\/pages"}],"about":[{"href":"https:\/\/construal.pt\/en\/wp-json\/wp\/v2\/types\/page"}],"author":[{"embeddable":true,"href":"https:\/\/construal.pt\/en\/wp-json\/wp\/v2\/users\/1"}],"replies":[{"embeddable":true,"href":"https:\/\/construal.pt\/en\/wp-json\/wp\/v2\/comments?post=419"}],"version-history":[{"count":2,"href":"https:\/\/construal.pt\/en\/wp-json\/wp\/v2\/pages\/419\/revisions"}],"predecessor-version":[{"id":2676,"href":"https:\/\/construal.pt\/en\/wp-json\/wp\/v2\/pages\/419\/revisions\/2676"}],"wp:attachment":[{"href":"https:\/\/construal.pt\/en\/wp-json\/wp\/v2\/media?parent=419"}],"curies":[{"name":"wp","href":"https:\/\/api.w.org\/{rel}","templated":true}]}}