{"id":1301,"date":"2024-12-25T15:41:09","date_gmt":"2024-12-25T15:41:09","guid":{"rendered":"https:\/\/construal.pt\/?post_type=product&#038;p=1301"},"modified":"2025-03-31T11:58:48","modified_gmt":"2025-03-31T11:58:48","slug":"cf-gold","status":"publish","type":"product","link":"https:\/\/construal.pt\/en\/product\/cf-gold\/","title":{"rendered":"CF Gold"},"content":{"rendered":"<div style=\"width: 720px;\" class=\"wp-video\"><video class=\"wp-video-shortcode\" id=\"video-1301-1\" width=\"720\" height=\"1280\" preload=\"metadata\" controls=\"controls\"><source type=\"video\/mp4\" src=\"https:\/\/construal.pt\/wp-content\/uploads\/2024\/12\/VID-20220428-WA0042-1.mp4?_=1\" \/><a href=\"https:\/\/construal.pt\/wp-content\/uploads\/2024\/12\/VID-20220428-WA0042-1.mp4\">https:\/\/construal.pt\/wp-content\/uploads\/2024\/12\/VID-20220428-WA0042-1.mp4<\/a><\/video><\/div>","protected":false},"excerpt":{"rendered":"<div class=\"et_pb_text_inner\">\n<div class=\"et_pb_module et_pb_text et_pb_text_2 et_pb_text_align_left et_pb_bg_layout_light\">\n<div class=\"et_pb_text_inner\">\n<div class=\"flex max-w-full flex-col flex-grow\">\n<div class=\"min-h-8 text-message flex w-full flex-col items-end gap-2 whitespace-normal break-words [.text-message+&amp;]:mt-5\" dir=\"auto\" data-message-author-role=\"assistant\" data-message-id=\"df2066fc-1206-4b7f-9a65-d1613ebdcd81\" data-message-model-slug=\"gpt-4o\">\n<div class=\"flex w-full flex-col gap-1 empty:hidden first:pt-[3px]\">\n<div class=\"markdown prose w-full break-words dark:prose-invert dark\">\n<p class=\"p1\">Versatilidade e alta precis\u00e3o para corte, fresagem e polimento<\/p>\n<\/div>\n<\/div>\n<\/div>\n<\/div>\n<\/div>\n<\/div>\n<\/div>\n","protected":false},"featured_media":2575,"template":"","meta":{"_acf_changed":false,"_et_pb_use_builder":"off","_et_pb_old_content":"<p class=\"p1\">Destinada ao corte e fresagem de m\u00e1rmores, granitos e similares, a CF Gold \u00e9 uma m\u00e1quina s\u00f3lida e com baixa manuten\u00e7\u00e3o, apresentando alto n\u00edvel de qualidade no corte e elevado rendimento. Controlada por CNC com interface em ambiente Windows permite um f\u00e1cil manuseamento e programa\u00e7\u00e3o. Compacta e de f\u00e1cil manuseamento e programa\u00e7\u00e3o. Compacta e de f\u00e1cil utiliza\u00e7\u00e3o, \u00e9 bastante flex\u00edvel no corte devido aos seus 5 eixos.<\/p>","_et_gb_content_width":""},"product_brand":[],"product_cat":[40,39,27,28],"product_tag":[],"class_list":{"0":"post-1301","1":"product","2":"type-product","3":"status-publish","4":"has-post-thumbnail","6":"product_cat-5eixos","7":"product_cat-torno-opcional","8":"product_cat-maquinas-de-corte","9":"product_cat-maquinas-de-fresagem","11":"first","12":"instock","13":"shipping-taxable","14":"product-type-simple"},"acf":[],"yoast_head":"<!-- This site is optimized with the Yoast SEO plugin v27.1.1 - https:\/\/yoast.com\/product\/yoast-seo-wordpress\/ -->\n<title>CF Gold - Construal<\/title>\n<meta name=\"robots\" content=\"index, follow, max-snippet:-1, max-image-preview:large, max-video-preview:-1\" \/>\n<link rel=\"canonical\" href=\"https:\/\/construal.pt\/en\/product\/cf-gold\/\" \/>\n<meta property=\"og:locale\" content=\"en_GB\" \/>\n<meta property=\"og:type\" content=\"article\" \/>\n<meta property=\"og:title\" content=\"CF Gold - Construal\" \/>\n<meta property=\"og:description\" content=\"Versatilidade e alta precis\u00e3o para corte, fresagem e polimento\" \/>\n<meta property=\"og:url\" content=\"https:\/\/construal.pt\/en\/product\/cf-gold\/\" \/>\n<meta property=\"og:site_name\" content=\"Construal\" \/>\n<meta property=\"article:publisher\" content=\"https:\/\/www.facebook.com\/Construallda\" \/>\n<meta property=\"article:modified_time\" content=\"2025-03-31T11:58:48+00:00\" \/>\n<meta property=\"og:image\" content=\"https:\/\/construal.pt\/wp-content\/uploads\/2024\/12\/Catalogo-GERAL_CF-Gold.webp\" \/>\n\t<meta property=\"og:image:width\" content=\"1920\" \/>\n\t<meta property=\"og:image:height\" content=\"1129\" \/>\n\t<meta property=\"og:image:type\" content=\"image\/webp\" \/>\n<meta name=\"twitter:card\" content=\"summary_large_image\" \/>\n<script type=\"application\/ld+json\" class=\"yoast-schema-graph\">{\"@context\":\"https:\/\/schema.org\",\"@graph\":[{\"@type\":\"WebPage\",\"@id\":\"https:\/\/construal.pt\/produto\/cf-gold\/\",\"url\":\"https:\/\/construal.pt\/produto\/cf-gold\/\",\"name\":\"CF Gold - Construal\",\"isPartOf\":{\"@id\":\"https:\/\/construal.pt\/#website\"},\"primaryImageOfPage\":{\"@id\":\"https:\/\/construal.pt\/produto\/cf-gold\/#primaryimage\"},\"image\":{\"@id\":\"https:\/\/construal.pt\/produto\/cf-gold\/#primaryimage\"},\"thumbnailUrl\":\"https:\/\/construal.pt\/wp-content\/uploads\/2024\/12\/Catalogo-GERAL_CF-Gold.webp\",\"datePublished\":\"2024-12-25T15:41:09+00:00\",\"dateModified\":\"2025-03-31T11:58:48+00:00\",\"breadcrumb\":{\"@id\":\"https:\/\/construal.pt\/produto\/cf-gold\/#breadcrumb\"},\"inLanguage\":\"en-GB\",\"potentialAction\":[{\"@type\":\"ReadAction\",\"target\":[\"https:\/\/construal.pt\/produto\/cf-gold\/\"]}]},{\"@type\":\"ImageObject\",\"inLanguage\":\"en-GB\",\"@id\":\"https:\/\/construal.pt\/produto\/cf-gold\/#primaryimage\",\"url\":\"https:\/\/construal.pt\/wp-content\/uploads\/2024\/12\/Catalogo-GERAL_CF-Gold.webp\",\"contentUrl\":\"https:\/\/construal.pt\/wp-content\/uploads\/2024\/12\/Catalogo-GERAL_CF-Gold.webp\",\"width\":1920,\"height\":1129},{\"@type\":\"BreadcrumbList\",\"@id\":\"https:\/\/construal.pt\/produto\/cf-gold\/#breadcrumb\",\"itemListElement\":[{\"@type\":\"ListItem\",\"position\":1,\"name\":\"In\u00edcio\",\"item\":\"https:\/\/construal.pt\/\"},{\"@type\":\"ListItem\",\"position\":2,\"name\":\"Produtos\",\"item\":\"https:\/\/construal.pt\/produtos\/\"},{\"@type\":\"ListItem\",\"position\":3,\"name\":\"CF Gold\"}]},{\"@type\":\"WebSite\",\"@id\":\"https:\/\/construal.pt\/#website\",\"url\":\"https:\/\/construal.pt\/\",\"name\":\"Construal\",\"description\":\"A empresa produz m\u00e1quinas para a ind\u00fastria de rochas ornamentais, destacando-se pela implementa\u00e7\u00e3o de tecnologias inovadoras e solu\u00e7\u00f5es produtivas personalizadas para cada cliente.\",\"publisher\":{\"@id\":\"https:\/\/construal.pt\/#organization\"},\"potentialAction\":[{\"@type\":\"SearchAction\",\"target\":{\"@type\":\"EntryPoint\",\"urlTemplate\":\"https:\/\/construal.pt\/?s={search_term_string}\"},\"query-input\":{\"@type\":\"PropertyValueSpecification\",\"valueRequired\":true,\"valueName\":\"search_term_string\"}}],\"inLanguage\":\"en-GB\"},{\"@type\":\"Organization\",\"@id\":\"https:\/\/construal.pt\/#organization\",\"name\":\"Construal\",\"url\":\"https:\/\/construal.pt\/\",\"logo\":{\"@type\":\"ImageObject\",\"inLanguage\":\"en-GB\",\"@id\":\"https:\/\/construal.pt\/#\/schema\/logo\/image\/\",\"url\":\"https:\/\/construal.pt\/wp-content\/uploads\/2024\/12\/construal_logotiposWEB.svg\",\"contentUrl\":\"https:\/\/construal.pt\/wp-content\/uploads\/2024\/12\/construal_logotiposWEB.svg\",\"width\":1,\"height\":1,\"caption\":\"Construal\"},\"image\":{\"@id\":\"https:\/\/construal.pt\/#\/schema\/logo\/image\/\"},\"sameAs\":[\"https:\/\/www.facebook.com\/Construallda\"]}]}<\/script>\n<!-- \/ Yoast SEO plugin. -->","yoast_head_json":{"title":"CF Gold - Construal","robots":{"index":"index","follow":"follow","max-snippet":"max-snippet:-1","max-image-preview":"max-image-preview:large","max-video-preview":"max-video-preview:-1"},"canonical":"https:\/\/construal.pt\/en\/product\/cf-gold\/","og_locale":"en_GB","og_type":"article","og_title":"CF Gold - Construal","og_description":"Versatilidade e alta precis\u00e3o para corte, fresagem e polimento","og_url":"https:\/\/construal.pt\/en\/product\/cf-gold\/","og_site_name":"Construal","article_publisher":"https:\/\/www.facebook.com\/Construallda","article_modified_time":"2025-03-31T11:58:48+00:00","og_image":[{"width":1920,"height":1129,"url":"https:\/\/construal.pt\/wp-content\/uploads\/2024\/12\/Catalogo-GERAL_CF-Gold.webp","type":"image\/webp"}],"twitter_card":"summary_large_image","schema":{"@context":"https:\/\/schema.org","@graph":[{"@type":"WebPage","@id":"https:\/\/construal.pt\/produto\/cf-gold\/","url":"https:\/\/construal.pt\/produto\/cf-gold\/","name":"CF Gold - Construal","isPartOf":{"@id":"https:\/\/construal.pt\/#website"},"primaryImageOfPage":{"@id":"https:\/\/construal.pt\/produto\/cf-gold\/#primaryimage"},"image":{"@id":"https:\/\/construal.pt\/produto\/cf-gold\/#primaryimage"},"thumbnailUrl":"https:\/\/construal.pt\/wp-content\/uploads\/2024\/12\/Catalogo-GERAL_CF-Gold.webp","datePublished":"2024-12-25T15:41:09+00:00","dateModified":"2025-03-31T11:58:48+00:00","breadcrumb":{"@id":"https:\/\/construal.pt\/produto\/cf-gold\/#breadcrumb"},"inLanguage":"en-GB","potentialAction":[{"@type":"ReadAction","target":["https:\/\/construal.pt\/produto\/cf-gold\/"]}]},{"@type":"ImageObject","inLanguage":"en-GB","@id":"https:\/\/construal.pt\/produto\/cf-gold\/#primaryimage","url":"https:\/\/construal.pt\/wp-content\/uploads\/2024\/12\/Catalogo-GERAL_CF-Gold.webp","contentUrl":"https:\/\/construal.pt\/wp-content\/uploads\/2024\/12\/Catalogo-GERAL_CF-Gold.webp","width":1920,"height":1129},{"@type":"BreadcrumbList","@id":"https:\/\/construal.pt\/produto\/cf-gold\/#breadcrumb","itemListElement":[{"@type":"ListItem","position":1,"name":"In\u00edcio","item":"https:\/\/construal.pt\/"},{"@type":"ListItem","position":2,"name":"Produtos","item":"https:\/\/construal.pt\/produtos\/"},{"@type":"ListItem","position":3,"name":"CF Gold"}]},{"@type":"WebSite","@id":"https:\/\/construal.pt\/#website","url":"https:\/\/construal.pt\/","name":"Construal","description":"The company manufactures machines for the ornamental stone industry, standing out for its implementation of innovative technologies and customized production solutions for each client.","publisher":{"@id":"https:\/\/construal.pt\/#organization"},"potentialAction":[{"@type":"SearchAction","target":{"@type":"EntryPoint","urlTemplate":"https:\/\/construal.pt\/?s={search_term_string}"},"query-input":{"@type":"PropertyValueSpecification","valueRequired":true,"valueName":"search_term_string"}}],"inLanguage":"en-GB"},{"@type":"Organization","@id":"https:\/\/construal.pt\/#organization","name":"Construal","url":"https:\/\/construal.pt\/","logo":{"@type":"ImageObject","inLanguage":"en-GB","@id":"https:\/\/construal.pt\/#\/schema\/logo\/image\/","url":"https:\/\/construal.pt\/wp-content\/uploads\/2024\/12\/construal_logotiposWEB.svg","contentUrl":"https:\/\/construal.pt\/wp-content\/uploads\/2024\/12\/construal_logotiposWEB.svg","width":1,"height":1,"caption":"Construal"},"image":{"@id":"https:\/\/construal.pt\/#\/schema\/logo\/image\/"},"sameAs":["https:\/\/www.facebook.com\/Construallda"]}]}},"_links":{"self":[{"href":"https:\/\/construal.pt\/en\/wp-json\/wp\/v2\/product\/1301","targetHints":{"allow":["GET"]}}],"collection":[{"href":"https:\/\/construal.pt\/en\/wp-json\/wp\/v2\/product"}],"about":[{"href":"https:\/\/construal.pt\/en\/wp-json\/wp\/v2\/types\/product"}],"wp:featuredmedia":[{"embeddable":true,"href":"https:\/\/construal.pt\/en\/wp-json\/wp\/v2\/media\/2575"}],"wp:attachment":[{"href":"https:\/\/construal.pt\/en\/wp-json\/wp\/v2\/media?parent=1301"}],"wp:term":[{"taxonomy":"product_brand","embeddable":true,"href":"https:\/\/construal.pt\/en\/wp-json\/wp\/v2\/product_brand?post=1301"},{"taxonomy":"product_cat","embeddable":true,"href":"https:\/\/construal.pt\/en\/wp-json\/wp\/v2\/product_cat?post=1301"},{"taxonomy":"product_tag","embeddable":true,"href":"https:\/\/construal.pt\/en\/wp-json\/wp\/v2\/product_tag?post=1301"}],"curies":[{"name":"wp","href":"https:\/\/api.w.org\/{rel}","templated":true}]}}